{"id":1706,"date":"2016-02-24T05:23:09","date_gmt":"2016-02-24T05:23:09","guid":{"rendered":"http:\/\/www.kompozitakademi.com.tr\/?page_id=1706"},"modified":"2024-08-26T11:18:48","modified_gmt":"2024-08-26T11:18:48","slug":"about-us","status":"publish","type":"page","link":"https:\/\/www.kompozitakademi.com.tr\/en\/about-us\/","title":{"rendered":"About Us"},"content":{"rendered":"<p><div class=\"fusion-fullwidth fullwidth-box fusion-builder-row-1 fusion-flex-container fusion-parallax-none nonhundred-percent-fullwidth non-hundred-percent-height-scrolling\" style=\"background-color: rgba(0,0,0,0.7);background-image: url(&quot;http:\/\/www.kompozitakademi.com.tr\/wp-content\/uploads\/2020\/11\/john-schnobrich-2FPjlAyMQTA-unsplash-scaled.jpg&quot;);background-position: center center;background-repeat: no-repeat;background-blend-mode: darken;border-width: 0px 0px 0px 0px;border-color:#e2e2e2;border-style:solid;-webkit-background-size:cover;-moz-background-size:cover;-o-background-size:cover;background-size:cover;min-height:65vh;\" ><div class=\"fusion-builder-row fusion-row fusion-flex-align-items-center fusion-flex-justify-content-center\" style=\"max-width:1216.8px;margin-left: calc(-4% \/ 2 );margin-right: calc(-4% \/ 2 );\"><div class=\"fusion-layout-column fusion_builder_column fusion-builder-column-0 fusion_builder_column_1_1 1_1 fusion-flex-column\"><div class=\"fusion-column-wrapper fusion-flex-justify-content-flex-start fusion-content-layout-column\" style=\"background-position:left top;background-repeat:no-repeat;-webkit-background-size:cover;-moz-background-size:cover;-o-background-size:cover;background-size:cover;padding: 0px 0px 0px 0px;\"><style type=\"text\/css\">@media only screen and (max-width:1024px) {.fusion-title.fusion-title-1{margin-top:10px!important;margin-bottom:15px!important;}}@media only screen and (max-width:640px) {.fusion-title.fusion-title-1{margin-top:10px!important;margin-bottom:10px!important;}}<\/style><div class=\"fusion-title title fusion-title-1 fusion-sep-none fusion-title-center fusion-title-text fusion-title-size-one\" style=\"margin-top:10px;margin-bottom:15px;\"><h1 class=\"title-heading-center\" style=\"font-family:&quot;Montserrat&quot;;font-weight:500;margin:0;color:#ffffff;\">WHO ARE WE<\/h1><\/div><\/div><\/div><style type=\"text\/css\">.fusion-body .fusion-builder-column-0{width:100% !important;margin-top : 0px;margin-bottom : 0px;}.fusion-builder-column-0 > .fusion-column-wrapper {padding-top : 0px !important;padding-right : 0px !important;margin-right : 1.92%;padding-bottom : 0px !important;padding-left : 0px !important;margin-left : 1.92%;}@media only screen and (max-width:1024px) {.fusion-body .fusion-builder-column-0{width:100% !important;order : 0;}.fusion-builder-column-0 > .fusion-column-wrapper {margin-right : 1.92%;margin-left : 1.92%;}}@media only screen and (max-width:640px) {.fusion-body .fusion-builder-column-0{width:100% !important;order : 0;}.fusion-builder-column-0 > .fusion-column-wrapper {margin-right : 1.92%;margin-left : 1.92%;}}<\/style><\/div><style type=\"text\/css\">.fusion-body .fusion-flex-container.fusion-builder-row-1{ padding-top : 0px;margin-top : 0px;padding-right : 0px;padding-bottom : 0px;margin-bottom : 0px;padding-left : 0px;}<\/style><\/div><div class=\"fusion-fullwidth fullwidth-box fusion-builder-row-2 fusion-flex-container nonhundred-percent-fullwidth non-hundred-percent-height-scrolling\" style=\"background-color: rgba(255,255,255,0);background-position: center center;background-repeat: no-repeat;border-width: 0px 0px 0px 0px;border-color:#e2e2e2;border-style:solid;\" ><div class=\"fusion-builder-row fusion-row fusion-flex-align-items-flex-start\" style=\"max-width:1216.8px;margin-left: calc(-4% \/ 2 );margin-right: calc(-4% \/ 2 );\"><div class=\"fusion-layout-column fusion_builder_column fusion-builder-column-1 fusion_builder_column_1_2 1_2 fusion-flex-column\"><div class=\"fusion-column-wrapper fusion-flex-justify-content-flex-start fusion-content-layout-column\" style=\"background-position:left top;background-repeat:no-repeat;-webkit-background-size:cover;-moz-background-size:cover;-o-background-size:cover;background-size:cover;padding: 0px 0px 0px 0px;\"><div class=\"fusion-text fusion-text-1\"><p style=\"letter-spacing: 3px;\">KOMPOZ\u0130T AKADEM\u0130 KALIP MODEL SAN. T\u0130C. A.\u015e.<\/p>\n<\/div><style type=\"text\/css\">@media only screen and (max-width:1024px) {.fusion-title.fusion-title-2{margin-top:10px!important;margin-bottom:15px!important;}}@media only screen and (max-width:640px) {.fusion-title.fusion-title-2{margin-top:10px!important;margin-bottom:10px!important;}}<\/style><div class=\"fusion-title title fusion-title-2 fusion-sep-none fusion-title-text fusion-title-size-two\" style=\"margin-top:10px;margin-bottom:15px;\"><h2 class=\"title-heading-left\" style=\"margin:0;\"><p style=\"text-align: left;\">Always with you in the field of composite production!<\/p><\/h2><\/div><div class=\"fusion-separator fusion-full-width-sep\" style=\"align-self: center;margin-left: auto;margin-right: auto;margin-top:30px;margin-bottom:30px;width:100%;\"><\/div><div class=\"fusion-builder-row fusion-builder-row-inner fusion-row fusion-flex-align-items-flex-start\" style=\"width:104% !important;max-width:104% !important;margin-left: calc(-4% \/ 2 );margin-right: calc(-4% \/ 2 );\"><div class=\"fusion-layout-column fusion_builder_column_inner fusion-builder-nested-column-0 fusion_builder_column_inner_1_2 1_2 fusion-flex-column fusion-flex-align-self-center\"><div class=\"fusion-column-wrapper fusion-flex-justify-content-center fusion-content-layout-column\" style=\"background-position:left top;background-repeat:no-repeat;-webkit-background-size:cover;-moz-background-size:cover;-o-background-size:cover;background-size:cover;padding: 0px 0px 0px 0px;\"><div ><span class=\" fusion-imageframe imageframe-none imageframe-1 hover-type-none\" style=\"width:100%;max-width:200px;\"><img decoding=\"async\" width=\"1368\" height=\"499\" title=\"unnamed_(1)\" src=\"http:\/\/www.kompozitakademi.com.tr\/wp-content\/uploads\/2020\/11\/unnamed_1.png\" class=\"img-responsive wp-image-4554\" srcset=\"https:\/\/www.kompozitakademi.com.tr\/wp-content\/uploads\/2020\/11\/unnamed_1-200x73.png 200w, https:\/\/www.kompozitakademi.com.tr\/wp-content\/uploads\/2020\/11\/unnamed_1-400x146.png 400w, https:\/\/www.kompozitakademi.com.tr\/wp-content\/uploads\/2020\/11\/unnamed_1-600x219.png 600w, https:\/\/www.kompozitakademi.com.tr\/wp-content\/uploads\/2020\/11\/unnamed_1-800x292.png 800w, https:\/\/www.kompozitakademi.com.tr\/wp-content\/uploads\/2020\/11\/unnamed_1-1200x438.png 1200w, https:\/\/www.kompozitakademi.com.tr\/wp-content\/uploads\/2020\/11\/unnamed_1.png 1368w\" sizes=\"(max-width: 640px) 100vw, 600px\" \/><\/span><\/div><\/div><\/div><style type=\"text\/css\">.fusion-body .fusion-builder-nested-column-0{width:50% !important;margin-top : 0px;margin-bottom : 20px;}.fusion-builder-nested-column-0 > .fusion-column-wrapper {padding-top : 0px !important;padding-right : 0px !important;margin-right : 3.84%;padding-bottom : 0px !important;padding-left : 0px !important;margin-left : 3.84%;}@media only screen and (max-width:1024px) {.fusion-body .fusion-builder-nested-column-0{width:50% !important;order : 0;}.fusion-builder-nested-column-0 > .fusion-column-wrapper {margin-right : 3.84%;margin-left : 3.84%;}}@media only screen and (max-width:640px) {.fusion-body .fusion-builder-nested-column-0{width:100% !important;order : 0;}.fusion-builder-nested-column-0 > .fusion-column-wrapper {margin-right : 1.92%;margin-left : 1.92%;}}<\/style><div class=\"fusion-layout-column fusion_builder_column_inner fusion-builder-nested-column-1 fusion_builder_column_inner_1_2 1_2 fusion-flex-column fusion-flex-align-self-center\"><div class=\"fusion-column-wrapper fusion-flex-justify-content-flex-start fusion-content-layout-row\" style=\"background-position:left top;background-repeat:no-repeat;-webkit-background-size:cover;-moz-background-size:cover;-o-background-size:cover;background-size:cover;padding: 0px 0px 0px 0px;\"><div ><span class=\" fusion-imageframe imageframe-none imageframe-2 hover-type-none\" style=\"width:100%;max-width:100px;\"><img decoding=\"async\" width=\"225\" height=\"230\" alt=\"Kompozit Akademi Header Logo\" title=\"Varl\u0131k_3_retina\" src=\"http:\/\/www.kompozitakademi.com.tr\/wp-content\/uploads\/2020\/11\/Varlik_3_retina.png\" class=\"img-responsive wp-image-3972\" srcset=\"https:\/\/www.kompozitakademi.com.tr\/wp-content\/uploads\/2020\/11\/Varlik_3_retina-200x204.png 200w, https:\/\/www.kompozitakademi.com.tr\/wp-content\/uploads\/2020\/11\/Varlik_3_retina.png 225w\" sizes=\"(max-width: 640px) 100vw, 225px\" \/><\/span><\/div><\/div><\/div><style type=\"text\/css\">.fusion-body .fusion-builder-nested-column-1{width:50% !important;margin-top : 0px;margin-bottom : 20px;}.fusion-builder-nested-column-1 > .fusion-column-wrapper {padding-top : 0px !important;padding-right : 0px !important;margin-right : 3.84%;padding-bottom : 0px !important;padding-left : 0px !important;margin-left : 3.84%;}@media only screen and (max-width:1024px) {.fusion-body .fusion-builder-nested-column-1{width:50% !important;order : 0;}.fusion-builder-nested-column-1 > .fusion-column-wrapper {margin-right : 3.84%;margin-left : 3.84%;}}@media only screen and (max-width:640px) {.fusion-body .fusion-builder-nested-column-1{width:100% !important;order : 0;}.fusion-builder-nested-column-1 > .fusion-column-wrapper {margin-right : 1.92%;margin-left : 1.92%;}}<\/style><\/div><\/div><\/div><style type=\"text\/css\">.fusion-body .fusion-builder-column-1{width:50% !important;margin-top : 0px;margin-bottom : 20px;}.fusion-builder-column-1 > .fusion-column-wrapper {padding-top : 0px !important;padding-right : 0px !important;margin-right : 3.84%;padding-bottom : 0px !important;padding-left : 0px !important;margin-left : 3.84%;}@media only screen and (max-width:1024px) {.fusion-body .fusion-builder-column-1{width:50% !important;}.fusion-builder-column-1 > .fusion-column-wrapper {margin-right : 3.84%;margin-left : 3.84%;}}@media only screen and (max-width:640px) {.fusion-body .fusion-builder-column-1{width:100% !important;}.fusion-builder-column-1 > .fusion-column-wrapper {margin-right : 1.92%;margin-left : 1.92%;}}<\/style><div class=\"fusion-layout-column fusion_builder_column fusion-builder-column-2 fusion_builder_column_1_2 1_2 fusion-flex-column\"><div class=\"fusion-column-wrapper fusion-flex-justify-content-flex-start fusion-content-layout-column\" style=\"background-position:left top;background-repeat:no-repeat;-webkit-background-size:cover;-moz-background-size:cover;-o-background-size:cover;background-size:cover;padding: 0px 0px 0px 0px;\"><div class=\"fusion-text fusion-text-2\"><p><strong>Kompozit Akademi<\/strong> is a pioneering company that meets customer demands in the most accurate way with its composite design, model and mold support, project-based product production, composite training programs and online product sales that grow with the <strong>Tila Kompozit Temsilcilik \u0130\u00e7 ve D\u0131\u015f Tic. Ltd. \u015eti. <\/strong>initiative.<\/p>\n<p>It contributes to the development of the Turkish and World composite industry by providing certified theoretical and applied trainings with its expert trainer staff and is the only private institution of the sector in this regard.<\/p>\n<p>In addition,<strong> Kompozit Akademi<\/strong>, which wants to meet the shortage in the sector in supplying small packaged products, has established <strong>Polyesterciyiz.biz<\/strong> online shopping website in order to provide the products you need individual studies.<\/p>\n<p>It offers engineering service for the design of your dream product and modeling your design with advanced technology materials and equipment for mold preparation. It carries out composite mold production with its product options and material expertise in its own facilities and delivers you to the final product of your dreams with the most suitable materials.<\/p>\n<\/div><\/div><\/div><style type=\"text\/css\">.fusion-body .fusion-builder-column-2{width:50% !important;margin-top : 0px;margin-bottom : 20px;}.fusion-builder-column-2 > .fusion-column-wrapper {padding-top : 0px !important;padding-right : 0px !important;margin-right : 3.84%;padding-bottom : 0px !important;padding-left : 0px !important;margin-left : 3.84%;}@media only screen and (max-width:1024px) {.fusion-body .fusion-builder-column-2{width:50% !important;}.fusion-builder-column-2 > .fusion-column-wrapper {margin-right : 3.84%;margin-left : 3.84%;}}@media only screen and (max-width:640px) {.fusion-body .fusion-builder-column-2{width:100% !important;}.fusion-builder-column-2 > .fusion-column-wrapper {margin-right : 1.92%;margin-left : 1.92%;}}<\/style><\/div><style type=\"text\/css\">.fusion-body .fusion-flex-container.fusion-builder-row-2{ padding-top : 40px;margin-top : 0px;padding-right : 0px;padding-bottom : 60px;margin-bottom : 0px;padding-left : 0px;}<\/style><\/div><div class=\"fusion-fullwidth fullwidth-box fusion-builder-row-3 fusion-flex-container nonhundred-percent-fullwidth non-hundred-percent-height-scrolling\" style=\"background-color: #f26522;background-position: center center;background-repeat: no-repeat;border-width: 0px 0px 0px 0px;border-color:#e2e2e2;border-style:solid;\" ><div class=\"fusion-builder-row fusion-row fusion-flex-align-items-flex-start\" style=\"max-width:1216.8px;margin-left: calc(-4% \/ 2 );margin-right: calc(-4% \/ 2 );\"><div class=\"fusion-layout-column fusion_builder_column fusion-builder-column-3 fusion_builder_column_1_3 1_3 fusion-flex-column\"><div class=\"fusion-column-wrapper fusion-column-has-shadow fusion-flex-justify-content-flex-start fusion-content-layout-column\" style=\"background-position:left top;background-repeat:no-repeat;-webkit-background-size:cover;-moz-background-size:cover;-o-background-size:cover;background-size:cover;background-color:#ffffff;border-width: 0 0 4px 0;border-color:#e3510d;border-style:solid;box-shadow:0px 20px 21px -13px #c95700;;padding: 60px 20px 50px 20px;\"><i class=\"fb-icon-element-1 fb-icon-element fontawesome-icon fa-grin-beam far circle-no\" style=\"font-size:110px;align-self:center;\"><\/i><style>i.fb-icon-element.fontawesome-icon.fb-icon-element-1{ color: #f26522;}i.fb-icon-element.fontawesome-icon.fb-icon-element-1:hover { color: #e3510d;}<\/style><div class=\"fusion-text fusion-text-3\"><p style=\"text-align: center; font-size: 16px; letter-spacing: 3px; margin-bottom: 0px; margin-top: 40px;\">ACCORDING TO NEED<\/p>\n<\/div><style type=\"text\/css\">@media only screen and (max-width:1024px) {.fusion-title.fusion-title-3{margin-top:10px!important;margin-bottom:0px!important;}}@media only screen and (max-width:640px) {.fusion-title.fusion-title-3{margin-top:10px!important;margin-bottom:10px!important;}}<\/style><div class=\"fusion-title title fusion-title-3 fusion-sep-none fusion-title-center fusion-title-text fusion-title-size-three\" style=\"margin-top:10px;margin-bottom:0px;\"><h3 class=\"title-heading-center\" style=\"margin:0;\">Product Manufacturing<\/h3><\/div><\/div><\/div><style type=\"text\/css\">.fusion-body .fusion-builder-column-3{width:33.333333333333% !important;margin-top : 0px;margin-bottom : 40px;}.fusion-builder-column-3 > .fusion-column-wrapper {padding-top : 60px !important;padding-right : 20px !important;margin-right : 10px;padding-bottom : 50px !important;padding-left : 20px !important;margin-left : 5.76%;}@media only screen and (max-width:1024px) {.fusion-body .fusion-builder-column-3{width:33.333333333333% !important;order : 0;}.fusion-builder-column-3 > .fusion-column-wrapper {margin-right : 10px;margin-left : 5.76%;}}@media only screen and (max-width:640px) {.fusion-body .fusion-builder-column-3{width:100% !important;order : 0;}.fusion-builder-column-3 > .fusion-column-wrapper {margin-right : 1.92%;margin-left : 1.92%;}}<\/style><div class=\"fusion-layout-column fusion_builder_column fusion-builder-column-4 fusion_builder_column_1_3 1_3 fusion-flex-column\"><div class=\"fusion-column-wrapper fusion-column-has-shadow fusion-flex-justify-content-flex-start fusion-content-layout-column\" style=\"background-position:left top;background-repeat:no-repeat;-webkit-background-size:cover;-moz-background-size:cover;-o-background-size:cover;background-size:cover;background-color:#ffffff;border-width: 0 0 4px 0;border-color:#e3510d;border-style:solid;box-shadow:0px 20px 21px -13px #c95700;;padding: 60px 20px 50px 20px;\"><i class=\"fb-icon-element-2 fb-icon-element fontawesome-icon fa-lightbulb far circle-no\" style=\"font-size:110px;align-self:center;\"><\/i><style>i.fb-icon-element.fontawesome-icon.fb-icon-element-2{ color: #f26522;}i.fb-icon-element.fontawesome-icon.fb-icon-element-2:hover { color: #e3510d;}<\/style><div class=\"fusion-text fusion-text-4\"><p style=\"text-align: center; font-size: 16px; letter-spacing: 3px; margin-bottom: 0px; margin-top: 40px;\">MODERN<\/p>\n<\/div><style type=\"text\/css\">@media only screen and (max-width:1024px) {.fusion-title.fusion-title-4{margin-top:10px!important;margin-bottom:0px!important;}}@media only screen and (max-width:640px) {.fusion-title.fusion-title-4{margin-top:10px!important;margin-bottom:10px!important;}}<\/style><div class=\"fusion-title title fusion-title-4 fusion-sep-none fusion-title-center fusion-title-text fusion-title-size-three\" style=\"margin-top:10px;margin-bottom:0px;\"><h3 class=\"title-heading-center\" style=\"margin:0;\">Designs<\/h3><\/div><\/div><\/div><style type=\"text\/css\">.fusion-body .fusion-builder-column-4{width:33.333333333333% !important;margin-top : 0px;margin-bottom : 40px;}.fusion-builder-column-4 > .fusion-column-wrapper {padding-top : 60px !important;padding-right : 20px !important;margin-right : 10px;padding-bottom : 50px !important;padding-left : 20px !important;margin-left : 10px;}@media only screen and (max-width:1024px) {.fusion-body .fusion-builder-column-4{width:33.333333333333% !important;order : 0;}.fusion-builder-column-4 > .fusion-column-wrapper {margin-right : 10px;margin-left : 10px;}}@media only screen and (max-width:640px) {.fusion-body .fusion-builder-column-4{width:100% !important;order : 0;}.fusion-builder-column-4 > .fusion-column-wrapper {margin-right : 1.92%;margin-left : 1.92%;}}<\/style><div class=\"fusion-layout-column fusion_builder_column fusion-builder-column-5 fusion_builder_column_1_3 1_3 fusion-flex-column\"><div class=\"fusion-column-wrapper fusion-column-has-shadow fusion-flex-justify-content-flex-start fusion-content-layout-column\" style=\"background-position:left top;background-repeat:no-repeat;-webkit-background-size:cover;-moz-background-size:cover;-o-background-size:cover;background-size:cover;background-color:#ffffff;border-width: 0 0 4px 0;border-color:#e3510d;border-style:solid;box-shadow:0px 21px 21px -13px #c95700;;padding: 60px 20px 50px 20px;\"><i class=\"fb-icon-element-3 fb-icon-element fontawesome-icon fa-handshake far circle-no\" style=\"font-size:110px;align-self:center;\"><\/i><style>i.fb-icon-element.fontawesome-icon.fb-icon-element-3{ color: #f26522;}i.fb-icon-element.fontawesome-icon.fb-icon-element-3:hover { color: #e3510d;}<\/style><div class=\"fusion-text fusion-text-5\"><p style=\"text-align: center; font-size: 16px; letter-spacing: 3px; margin-bottom: 0px; margin-top: 40px;\">QUALIFIED<\/p>\n<\/div><style type=\"text\/css\">@media only screen and (max-width:1024px) {.fusion-title.fusion-title-5{margin-top:10px!important;margin-bottom:0px!important;}}@media only screen and (max-width:640px) {.fusion-title.fusion-title-5{margin-top:10px!important;margin-bottom:10px!important;}}<\/style><div class=\"fusion-title title fusion-title-5 fusion-sep-none fusion-title-center fusion-title-text fusion-title-size-three\" style=\"margin-top:10px;margin-bottom:0px;\"><h3 class=\"title-heading-center\" style=\"margin:0;\">Trainings<\/h3><\/div><\/div><\/div><style type=\"text\/css\">.fusion-body .fusion-builder-column-5{width:33.333333333333% !important;margin-top : 0px;margin-bottom : 20px;}.fusion-builder-column-5 > .fusion-column-wrapper {padding-top : 60px !important;padding-right : 20px !important;margin-right : 5.76%;padding-bottom : 50px !important;padding-left : 20px !important;margin-left : 10px;}@media only screen and (max-width:1024px) {.fusion-body .fusion-builder-column-5{width:33.333333333333% !important;order : 0;}.fusion-builder-column-5 > .fusion-column-wrapper {margin-right : 5.76%;margin-left : 10px;}}@media only screen and (max-width:640px) {.fusion-body .fusion-builder-column-5{width:100% !important;order : 0;}.fusion-builder-column-5 > .fusion-column-wrapper {margin-right : 1.92%;margin-left : 1.92%;}}<\/style><\/div><style type=\"text\/css\">.fusion-body .fusion-flex-container.fusion-builder-row-3{ padding-top : 90px;margin-top : 0px;padding-right : 0px;padding-bottom : 57px;margin-bottom : 0px;padding-left : 0px;}<\/style><\/div><\/p>\n<p>&nbsp;<\/p>\n","protected":false},"excerpt":{"rendered":"<p>&nbsp;<\/p>\n","protected":false},"author":1,"featured_media":0,"parent":0,"menu_order":0,"comment_status":"closed","ping_status":"closed","template":"100-width.php","meta":{"footnotes":""},"class_list":["post-1706","page","type-page","status-publish","hentry"],"yoast_head":"<!-- This site is optimized with the Yoast SEO plugin v15.9 - https:\/\/yoast.com\/wordpress\/plugins\/seo\/ -->\n<title>Hakk\u0131m\u0131zda - Kal\u0131p, \u00dcr\u00fcn \u00dcretimi &amp; Kompozit E\u011fitim - Kompozit Akademi<\/title>\n<meta name=\"description\" content=\"%%sitename%%, kompozit kal\u0131p imalat\u0131,kompozit \u00fcr\u00fcn \u00fcretimi, kompozit e\u011fitimler ve online \u00fcr\u00fcn sat\u0131\u015f\u0131 konusunda m\u00fc\u015fterilerine \u00e7\u00f6z\u00fcmler sunmaktad\u0131r.\" \/>\n<meta name=\"robots\" content=\"index, follow, max-snippet:-1, max-image-preview:large, max-video-preview:-1\" \/>\n<link rel=\"canonical\" href=\"https:\/\/www.kompozitakademi.com.tr\/en\/about-us\/\" \/>\n<meta property=\"og:locale\" content=\"en_US\" \/>\n<meta property=\"og:locale:alternate\" content=\"tr_TR\" \/>\n<meta property=\"og:type\" content=\"article\" \/>\n<meta property=\"og:title\" content=\"Hakk\u0131m\u0131zda - Kal\u0131p, \u00dcr\u00fcn \u00dcretimi &amp; Kompozit E\u011fitim - Kompozit Akademi\" \/>\n<meta property=\"og:description\" content=\"Kompozit Akademi, kompozit kal\u0131p imalat\u0131,kompozit \u00fcr\u00fcn \u00fcretimi, kompozit e\u011fitimler ve online \u00fcr\u00fcn sat\u0131\u015f\u0131 konusunda m\u00fc\u015fterilerine \u00e7\u00f6z\u00fcmler sunmaktad\u0131r.\" \/>\n<meta property=\"og:url\" content=\"https:\/\/www.kompozitakademi.com.tr\/en\/about-us\/\" \/>\n<meta property=\"og:site_name\" content=\"Kompozit Akademi\" \/>\n<meta property=\"article:publisher\" content=\"https:\/\/www.facebook.com\/pages\/category\/Product-Service\/Kompozit-Akademi-109999150424526\/\" \/>\n<meta property=\"article:modified_time\" content=\"2024-08-26T11:18:48+00:00\" \/>\n<meta name=\"twitter:card\" content=\"summary_large_image\" \/>\n<meta name=\"twitter:site\" content=\"@AkademiKompozit\" \/>\n<meta name=\"twitter:label1\" content=\"Est. reading time\">\n\t<meta name=\"twitter:data1\" content=\"8 minutes\">\n<script type=\"application\/ld+json\" class=\"yoast-schema-graph\">{\"@context\":\"https:\/\/schema.org\",\"@graph\":[{\"@type\":\"Organization\",\"@id\":\"https:\/\/www.kompozitakademi.com.tr\/#organization\",\"name\":\"Kompozit Akademi\",\"url\":\"https:\/\/www.kompozitakademi.com.tr\/\",\"sameAs\":[\"https:\/\/www.facebook.com\/pages\/category\/Product-Service\/Kompozit-Akademi-109999150424526\/\",\"https:\/\/www.instagram.com\/kompozitakademi\/\",\"https:\/\/www.linkedin.com\/company\/kompozitakademi\",\"https:\/\/twitter.com\/AkademiKompozit\"],\"logo\":{\"@type\":\"ImageObject\",\"@id\":\"https:\/\/www.kompozitakademi.com.tr\/#logo\",\"inLanguage\":\"en-US\",\"url\":\"https:\/\/www.kompozitakademi.com.tr\/wp-content\/uploads\/2020\/06\/kalogo_kare.jpg\",\"width\":1134,\"height\":1133,\"caption\":\"Kompozit Akademi\"},\"image\":{\"@id\":\"https:\/\/www.kompozitakademi.com.tr\/#logo\"}},{\"@type\":\"WebSite\",\"@id\":\"https:\/\/www.kompozitakademi.com.tr\/#website\",\"url\":\"https:\/\/www.kompozitakademi.com.tr\/\",\"name\":\"Kompozit Akademi\",\"description\":\"Kompozit Akademi Kal\\u0131p ve Model\",\"publisher\":{\"@id\":\"https:\/\/www.kompozitakademi.com.tr\/#organization\"},\"potentialAction\":[{\"@type\":\"SearchAction\",\"target\":\"https:\/\/www.kompozitakademi.com.tr\/?s={search_term_string}\",\"query-input\":\"required name=search_term_string\"}],\"inLanguage\":\"en-US\"},{\"@type\":[\"WebPage\",\"AboutPage\"],\"@id\":\"https:\/\/www.kompozitakademi.com.tr\/about-us\/#webpage\",\"url\":\"https:\/\/www.kompozitakademi.com.tr\/about-us\/\",\"name\":\"Hakk\\u0131m\\u0131zda - Kal\\u0131p, \\u00dcr\\u00fcn \\u00dcretimi & Kompozit E\\u011fitim - Kompozit Akademi\",\"isPartOf\":{\"@id\":\"https:\/\/www.kompozitakademi.com.tr\/#website\"},\"datePublished\":\"2016-02-24T05:23:09+00:00\",\"dateModified\":\"2024-08-26T11:18:48+00:00\",\"description\":\"Kompozit Akademi, kompozit kal\\u0131p imalat\\u0131,kompozit \\u00fcr\\u00fcn \\u00fcretimi, kompozit e\\u011fitimler ve online \\u00fcr\\u00fcn sat\\u0131\\u015f\\u0131 konusunda m\\u00fc\\u015fterilerine \\u00e7\\u00f6z\\u00fcmler sunmaktad\\u0131r.\",\"breadcrumb\":{\"@id\":\"https:\/\/www.kompozitakademi.com.tr\/about-us\/#breadcrumb\"},\"inLanguage\":\"en-US\",\"potentialAction\":[{\"@type\":\"ReadAction\",\"target\":[\"https:\/\/www.kompozitakademi.com.tr\/about-us\/\"]}]},{\"@type\":\"BreadcrumbList\",\"@id\":\"https:\/\/www.kompozitakademi.com.tr\/about-us\/#breadcrumb\",\"itemListElement\":[{\"@type\":\"ListItem\",\"position\":1,\"item\":{\"@type\":\"WebPage\",\"@id\":\"https:\/\/www.kompozitakademi.com.tr\/\",\"url\":\"https:\/\/www.kompozitakademi.com.tr\/\",\"name\":\"Ana sayfa\"}},{\"@type\":\"ListItem\",\"position\":2,\"item\":{\"@type\":\"WebPage\",\"@id\":\"https:\/\/www.kompozitakademi.com.tr\/about-us\/\",\"url\":\"https:\/\/www.kompozitakademi.com.tr\/about-us\/\",\"name\":\"Hakk\\u0131m\\u0131zda\"}}]}]}<\/script>\n<!-- \/ Yoast SEO plugin. -->","_links":{"self":[{"href":"https:\/\/www.kompozitakademi.com.tr\/en\/wp-json\/wp\/v2\/pages\/1706"}],"collection":[{"href":"https:\/\/www.kompozitakademi.com.tr\/en\/wp-json\/wp\/v2\/pages"}],"about":[{"href":"https:\/\/www.kompozitakademi.com.tr\/en\/wp-json\/wp\/v2\/types\/page"}],"author":[{"embeddable":true,"href":"https:\/\/www.kompozitakademi.com.tr\/en\/wp-json\/wp\/v2\/users\/1"}],"replies":[{"embeddable":true,"href":"https:\/\/www.kompozitakademi.com.tr\/en\/wp-json\/wp\/v2\/comments?post=1706"}],"version-history":[{"count":56,"href":"https:\/\/www.kompozitakademi.com.tr\/en\/wp-json\/wp\/v2\/pages\/1706\/revisions"}],"predecessor-version":[{"id":5721,"href":"https:\/\/www.kompozitakademi.com.tr\/en\/wp-json\/wp\/v2\/pages\/1706\/revisions\/5721"}],"wp:attachment":[{"href":"https:\/\/www.kompozitakademi.com.tr\/en\/wp-json\/wp\/v2\/media?parent=1706"}],"curies":[{"name":"wp","href":"https:\/\/api.w.org\/{rel}","templated":true}]}}